{"id":5592,"date":"2016-12-05T09:17:34","date_gmt":"2016-12-05T09:17:34","guid":{"rendered":"http:\/\/demo.wpzoom.com\/inspiro\/?page_id=5592"},"modified":"2025-04-16T07:27:30","modified_gmt":"2025-04-16T05:27:30","slug":"a-propos","status":"publish","type":"page","link":"https:\/\/albino-ferreira.fr\/index.php\/a-propos\/","title":{"rendered":"A Propos"},"content":{"rendered":"\t\t<div data-elementor-type=\"wp-page\" data-elementor-id=\"5592\" class=\"elementor elementor-5592\" data-elementor-post-type=\"page\">\n\t\t\t\t\t\t<section class=\"elementor-section elementor-top-section elementor-element elementor-element-64c3b86e elementor-section-height-min-height elementor-section-content-middle elementor-reverse-mobile elementor-section-boxed elementor-section-height-default elementor-section-items-middle\" data-id=\"64c3b86e\" data-element_type=\"section\" data-e-type=\"section\">\n\t\t\t\t\t\t<div class=\"elementor-container elementor-column-gap-no\">\n\t\t\t\t\t<div class=\"elementor-column elementor-col-50 elementor-top-column elementor-element elementor-element-21140e3d\" data-id=\"21140e3d\" data-element_type=\"column\" data-e-type=\"column\">\n\t\t\t<div class=\"elementor-widget-wrap elementor-element-populated\">\n\t\t\t\t\t\t<div class=\"elementor-element elementor-element-790cdfed animated-slow elementor-invisible elementor-widget elementor-widget-heading\" data-id=\"790cdfed\" data-element_type=\"widget\" data-e-type=\"widget\" data-settings=\"{&quot;_animation&quot;:&quot;fadeIn&quot;}\" data-widget_type=\"heading.default\">\n\t\t\t\t<div class=\"elementor-widget-container\">\n\t\t\t\t\t<h1 class=\"elementor-heading-title elementor-size-default\">Albino FERREIRA<\/h1>\t\t\t\t<\/div>\n\t\t\t\t<\/div>\n\t\t\t\t<div class=\"elementor-element elementor-element-1eaa4f6e elementor-invisible elementor-widget elementor-widget-heading\" data-id=\"1eaa4f6e\" data-element_type=\"widget\" data-e-type=\"widget\" data-settings=\"{&quot;_animation&quot;:&quot;fadeIn&quot;,&quot;_animation_delay&quot;:&quot;200&quot;}\" data-widget_type=\"heading.default\">\n\t\t\t\t<div class=\"elementor-widget-container\">\n\t\t\t\t\t<h4 class=\"elementor-heading-title elementor-size-default\">PHOTOGRAPHE - FRANCE<\/h4>\t\t\t\t<\/div>\n\t\t\t\t<\/div>\n\t\t\t\t<div class=\"elementor-element elementor-element-49172b38 elementor-widget elementor-widget-text-editor\" data-id=\"49172b38\" data-element_type=\"widget\" data-e-type=\"widget\" data-widget_type=\"text-editor.default\">\n\t\t\t\t<div class=\"elementor-widget-container\">\n\t\t\t\t\t\t\t\t\t<p>Photographe autodidacte ind\u00e9pendant, je tire principalement mes inspirations de la peinture, la sculpture et bien entendu de la photographie, qu&rsquo;elle soit antique ou contemporaine.<\/p><p>Mon univers se veut pictural et intimiste.<\/p><p>Mon attrait pour la peinture me pousse \u00e0 privil\u00e9gier la couleur au noir et blanc que je n&rsquo;utilise que lorsqu&rsquo;il me semble plus appropri\u00e9 \u00e0 l&rsquo;ambiance que je souhaite transmettre.<\/p><p>\u00a0<\/p>\t\t\t\t\t\t\t\t<\/div>\n\t\t\t\t<\/div>\n\t\t\t\t\t<\/div>\n\t\t<\/div>\n\t\t\t\t<div class=\"elementor-column elementor-col-50 elementor-top-column elementor-element elementor-element-45c064e6\" data-id=\"45c064e6\" data-element_type=\"column\" data-e-type=\"column\">\n\t\t\t<div class=\"elementor-widget-wrap elementor-element-populated\">\n\t\t\t\t\t\t<div class=\"elementor-element elementor-element-4be7cdd9 elementor-widget__width-initial elementor-widget elementor-widget-image\" data-id=\"4be7cdd9\" data-element_type=\"widget\" data-e-type=\"widget\" data-widget_type=\"image.default\">\n\t\t\t\t<div class=\"elementor-widget-container\">\n\t\t\t\t\t\t\t\t\t\t\t\t<figure class=\"wp-caption\">\n\t\t\t\t\t\t\t\t\t\t<img decoding=\"async\" src=\"https:\/\/albino-ferreira.fr\/wp-content\/uploads\/2025\/01\/AF-20241215-192703-2425_LR-600x800.jpg\" title=\"AF-20241215-192703-2425_LR\" alt=\"Albino\" loading=\"lazy\" \/>\t\t\t\t\t\t\t\t\t\t\t<figcaption class=\"widget-image-caption wp-caption-text\">Albino FERREIRA<\/figcaption>\n\t\t\t\t\t\t\t\t\t\t<\/figure>\n\t\t\t\t\t\t\t\t\t<\/div>\n\t\t\t\t<\/div>\n\t\t\t\t\t<\/div>\n\t\t<\/div>\n\t\t\t\t\t<\/div>\n\t\t<\/section>\n\t\t\t\t<\/div>\n\t\t","protected":false},"excerpt":{"rendered":"<p>Albino FERREIRA PHOTOGRAPHE &#8211; FRANCE Photographe autodidacte ind\u00e9pendant, je tire principalement mes inspirations de la peinture, la sculpture et bien entendu de la photographie, qu&rsquo;elle soit antique ou contemporaine. Mon univers se veut pictural et intimiste. Mon attrait pour la peinture me pousse \u00e0 privil\u00e9gier la couleur au noir et blanc que je n&rsquo;utilise que &hellip; <\/p>\n<p class=\"link-more\"><a href=\"https:\/\/albino-ferreira.fr\/index.php\/a-propos\/\" class=\"more-link\">Lire la suite de<span class=\"screen-reader-text\">\u00ab\u00a0A Propos\u00a0\u00bb<\/span><\/a><\/p>\n","protected":false},"author":1,"featured_media":0,"parent":0,"menu_order":0,"comment_status":"closed","ping_status":"closed","template":"","meta":{"inspiro_hide_title":false,"footnotes":""},"class_list":["post-5592","page","type-page","status-publish","hentry"],"featured_media_urls":[],"_links":{"self":[{"href":"https:\/\/albino-ferreira.fr\/index.php\/wp-json\/wp\/v2\/pages\/5592","targetHints":{"allow":["GET"]}}],"collection":[{"href":"https:\/\/albino-ferreira.fr\/index.php\/wp-json\/wp\/v2\/pages"}],"about":[{"href":"https:\/\/albino-ferreira.fr\/index.php\/wp-json\/wp\/v2\/types\/page"}],"author":[{"embeddable":true,"href":"https:\/\/albino-ferreira.fr\/index.php\/wp-json\/wp\/v2\/users\/1"}],"replies":[{"embeddable":true,"href":"https:\/\/albino-ferreira.fr\/index.php\/wp-json\/wp\/v2\/comments?post=5592"}],"version-history":[{"count":17,"href":"https:\/\/albino-ferreira.fr\/index.php\/wp-json\/wp\/v2\/pages\/5592\/revisions"}],"predecessor-version":[{"id":7140,"href":"https:\/\/albino-ferreira.fr\/index.php\/wp-json\/wp\/v2\/pages\/5592\/revisions\/7140"}],"wp:attachment":[{"href":"https:\/\/albino-ferreira.fr\/index.php\/wp-json\/wp\/v2\/media?parent=5592"}],"curies":[{"name":"wp","href":"https:\/\/api.w.org\/{rel}","templated":true}]}}