{"id":62,"date":"2022-05-24T11:46:59","date_gmt":"2022-05-24T09:46:59","guid":{"rendered":"http:\/\/albino-ferreira.fr\/index.php\/home\/"},"modified":"2024-07-25T14:18:58","modified_gmt":"2024-07-25T12:18:58","slug":"home","status":"publish","type":"page","link":"http:\/\/albino-ferreira.fr\/index.php\/home\/","title":{"rendered":"Home"},"content":{"rendered":"\t\t<div data-elementor-type=\"wp-page\" data-elementor-id=\"62\" class=\"elementor elementor-62\" data-elementor-post-type=\"page\">\n\t\t\t\t\t\t<section class=\"elementor-section elementor-top-section elementor-element elementor-element-376bef44 elementor-section-height-min-height elementor-section-content-middle elementor-reverse-mobile elementor-section-boxed elementor-section-height-default elementor-section-items-middle\" data-id=\"376bef44\" data-element_type=\"section\" data-e-type=\"section\">\n\t\t\t\t\t\t<div class=\"elementor-container elementor-column-gap-no\">\n\t\t\t\t\t<div class=\"elementor-column elementor-col-50 elementor-top-column elementor-element elementor-element-1f5d52a1\" data-id=\"1f5d52a1\" data-element_type=\"column\" data-e-type=\"column\">\n\t\t\t<div class=\"elementor-widget-wrap elementor-element-populated\">\n\t\t\t\t\t\t<div class=\"elementor-element elementor-element-4e1e7322 elementor-widget elementor-widget-image\" data-id=\"4e1e7322\" data-element_type=\"widget\" data-e-type=\"widget\" data-widget_type=\"image.default\">\n\t\t\t\t<div class=\"elementor-widget-container\">\n\t\t\t\t\t\t\t\t\t\t\t\t\t\t\t<img fetchpriority=\"high\" decoding=\"async\" width=\"1707\" height=\"2560\" src=\"http:\/\/albino-ferreira.fr\/wp-content\/uploads\/2022\/05\/AF-20180916-170740-77514_LR-scaled.jpg\" class=\"attachment-full size-full wp-image-109\" alt=\"\" srcset=\"http:\/\/albino-ferreira.fr\/wp-content\/uploads\/2022\/05\/AF-20180916-170740-77514_LR-scaled.jpg 1707w, http:\/\/albino-ferreira.fr\/wp-content\/uploads\/2022\/05\/AF-20180916-170740-77514_LR-200x300.jpg 200w, http:\/\/albino-ferreira.fr\/wp-content\/uploads\/2022\/05\/AF-20180916-170740-77514_LR-683x1024.jpg 683w, http:\/\/albino-ferreira.fr\/wp-content\/uploads\/2022\/05\/AF-20180916-170740-77514_LR-768x1152.jpg 768w, http:\/\/albino-ferreira.fr\/wp-content\/uploads\/2022\/05\/AF-20180916-170740-77514_LR-1024x1536.jpg 1024w, http:\/\/albino-ferreira.fr\/wp-content\/uploads\/2022\/05\/AF-20180916-170740-77514_LR-1365x2048.jpg 1365w, http:\/\/albino-ferreira.fr\/wp-content\/uploads\/2022\/05\/AF-20180916-170740-77514_LR-600x900.jpg 600w, http:\/\/albino-ferreira.fr\/wp-content\/uploads\/2022\/05\/AF-20180916-170740-77514_LR-scaled-1200x1800.jpg 1200w\" sizes=\"100vw\" \/>\t\t\t\t\t\t\t\t\t\t\t\t\t\t\t<\/div>\n\t\t\t\t<\/div>\n\t\t\t\t\t<\/div>\n\t\t<\/div>\n\t\t\t\t<div class=\"elementor-column elementor-col-50 elementor-top-column elementor-element elementor-element-3fd995e8\" data-id=\"3fd995e8\" data-element_type=\"column\" data-e-type=\"column\">\n\t\t\t<div class=\"elementor-widget-wrap elementor-element-populated\">\n\t\t\t\t\t\t<div class=\"elementor-element elementor-element-39938e41 animated-slow elementor-invisible elementor-widget elementor-widget-heading\" data-id=\"39938e41\" data-element_type=\"widget\" data-e-type=\"widget\" data-settings=\"{&quot;_animation&quot;:&quot;fadeIn&quot;}\" data-widget_type=\"heading.default\">\n\t\t\t\t<div class=\"elementor-widget-container\">\n\t\t\t\t\t<h1 class=\"elementor-heading-title elementor-size-default\">Albino FERREIRA<\/h1>\t\t\t\t<\/div>\n\t\t\t\t<\/div>\n\t\t\t\t<div class=\"elementor-element elementor-element-740d8b72 elementor-invisible elementor-widget elementor-widget-heading\" data-id=\"740d8b72\" data-element_type=\"widget\" data-e-type=\"widget\" data-settings=\"{&quot;_animation&quot;:&quot;fadeIn&quot;,&quot;_animation_delay&quot;:&quot;200&quot;}\" data-widget_type=\"heading.default\">\n\t\t\t\t<div class=\"elementor-widget-container\">\n\t\t\t\t\t<h4 class=\"elementor-heading-title elementor-size-default\">PHOTOGRAPHE - FRANCE<\/h4>\t\t\t\t<\/div>\n\t\t\t\t<\/div>\n\t\t\t\t<div class=\"elementor-element elementor-element-5bbf6168 elementor-widget elementor-widget-text-editor\" data-id=\"5bbf6168\" data-element_type=\"widget\" data-e-type=\"widget\" data-widget_type=\"text-editor.default\">\n\t\t\t\t<div class=\"elementor-widget-container\">\n\t\t\t\t\t\t\t\t\t<p>Photographe autodidacte ind\u00e9pendant, je tire principalement mes inspirations de la peinture, la sculpture et bien entendu de la photographie, qu&rsquo;elle soit antique ou contemporaine.<\/p><p>Mon univers se veut pictural et intimiste.<\/p><p>Mon attrait pour la peinture me pousse \u00e0 privil\u00e9gier la couleur au noir et blanc que je n&rsquo;utilise que lorsqu&rsquo;il me semble plus appropri\u00e9 \u00e0 l&rsquo;ambiance que je souhaite transmettre.<\/p><p>\u00a0<\/p>\t\t\t\t\t\t\t\t<\/div>\n\t\t\t\t<\/div>\n\t\t\t\t\t<\/div>\n\t\t<\/div>\n\t\t\t\t\t<\/div>\n\t\t<\/section>\n\t\t\t\t<section class=\"elementor-section elementor-top-section elementor-element elementor-element-1d58c07 elementor-section-boxed elementor-section-height-default elementor-section-height-default\" data-id=\"1d58c07\" data-element_type=\"section\" data-e-type=\"section\">\n\t\t\t\t\t\t<div class=\"elementor-container elementor-column-gap-default\">\n\t\t\t\t\t<div class=\"elementor-column elementor-col-100 elementor-top-column elementor-element elementor-element-d632e1d\" data-id=\"d632e1d\" data-element_type=\"column\" data-e-type=\"column\">\n\t\t\t<div class=\"elementor-widget-wrap\">\n\t\t\t\t\t\t\t<\/div>\n\t\t<\/div>\n\t\t\t\t\t<\/div>\n\t\t<\/section>\n\t\t\t\t<section class=\"elementor-section elementor-top-section elementor-element elementor-element-ab5a9ea elementor-section-boxed elementor-section-height-default elementor-section-height-default\" data-id=\"ab5a9ea\" data-element_type=\"section\" data-e-type=\"section\">\n\t\t\t\t\t\t<div class=\"elementor-container elementor-column-gap-default\">\n\t\t\t\t\t<div class=\"elementor-column elementor-col-100 elementor-top-column elementor-element elementor-element-66da7f4\" data-id=\"66da7f4\" data-element_type=\"column\" data-e-type=\"column\">\n\t\t\t<div class=\"elementor-widget-wrap\">\n\t\t\t\t\t\t\t<\/div>\n\t\t<\/div>\n\t\t\t\t\t<\/div>\n\t\t<\/section>\n\t\t\t\t<section class=\"elementor-section elementor-top-section elementor-element elementor-element-9de600f elementor-section-boxed elementor-section-height-default elementor-section-height-default\" data-id=\"9de600f\" data-element_type=\"section\" data-e-type=\"section\">\n\t\t\t\t\t\t<div class=\"elementor-container elementor-column-gap-default\">\n\t\t\t\t\t<div class=\"elementor-column elementor-col-100 elementor-top-column elementor-element elementor-element-b485f46\" data-id=\"b485f46\" data-element_type=\"column\" data-e-type=\"column\">\n\t\t\t<div class=\"elementor-widget-wrap elementor-element-populated\">\n\t\t\t\t\t\t<div class=\"elementor-element elementor-element-9f5b293 elementor-widget-divider--view-line elementor-widget elementor-widget-divider\" data-id=\"9f5b293\" data-element_type=\"widget\" data-e-type=\"widget\" data-widget_type=\"divider.default\">\n\t\t\t\t<div class=\"elementor-widget-container\">\n\t\t\t\t\t\t\t<div class=\"elementor-divider\">\n\t\t\t<span class=\"elementor-divider-separator\">\n\t\t\t\t\t\t<\/span>\n\t\t<\/div>\n\t\t\t\t\t\t<\/div>\n\t\t\t\t<\/div>\n\t\t\t\t\t<\/div>\n\t\t<\/div>\n\t\t\t\t\t<\/div>\n\t\t<\/section>\n\t\t\t\t<section class=\"elementor-section elementor-top-section elementor-element elementor-element-feb6d26 elementor-section-boxed elementor-section-height-default elementor-section-height-default\" data-id=\"feb6d26\" data-element_type=\"section\" data-e-type=\"section\">\n\t\t\t\t\t\t<div class=\"elementor-container elementor-column-gap-default\">\n\t\t\t\t\t<div class=\"elementor-column elementor-col-100 elementor-top-column elementor-element elementor-element-f521594\" data-id=\"f521594\" data-element_type=\"column\" data-e-type=\"column\">\n\t\t\t<div class=\"elementor-widget-wrap elementor-element-populated\">\n\t\t\t\t\t\t<div class=\"elementor-element elementor-element-8a80d01 elementor-grid-3 elementor-grid-tablet-2 elementor-grid-mobile-1 elementor-posts--thumbnail-top elementor-widget elementor-widget-posts\" data-id=\"8a80d01\" data-element_type=\"widget\" data-e-type=\"widget\" data-settings=\"{&quot;classic_columns&quot;:&quot;3&quot;,&quot;classic_columns_tablet&quot;:&quot;2&quot;,&quot;classic_columns_mobile&quot;:&quot;1&quot;,&quot;classic_row_gap&quot;:{&quot;unit&quot;:&quot;px&quot;,&quot;size&quot;:35,&quot;sizes&quot;:[]},&quot;classic_row_gap_tablet&quot;:{&quot;unit&quot;:&quot;px&quot;,&quot;size&quot;:&quot;&quot;,&quot;sizes&quot;:[]},&quot;classic_row_gap_mobile&quot;:{&quot;unit&quot;:&quot;px&quot;,&quot;size&quot;:&quot;&quot;,&quot;sizes&quot;:[]}}\" data-widget_type=\"posts.classic\">\n\t\t\t\t<div class=\"elementor-widget-container\">\n\t\t\t\t\t\t\t<div class=\"elementor-posts-container elementor-posts elementor-posts--skin-classic elementor-grid\" role=\"list\">\n\t\t\t\t<article class=\"elementor-post elementor-grid-item post-6871 post type-post status-publish format-standard has-post-thumbnail hentry category-actu\" role=\"listitem\">\n\t\t\t\t<a class=\"elementor-post__thumbnail__link\" href=\"http:\/\/albino-ferreira.fr\/index.php\/2024\/07\/26\/nouveau-site\/\" tabindex=\"-1\" >\n\t\t\t<div class=\"elementor-post__thumbnail\"><img decoding=\"async\" width=\"300\" height=\"225\" src=\"http:\/\/albino-ferreira.fr\/wp-content\/uploads\/2024\/07\/AF-20230708-174915-7221_LR-300x225.jpg\" class=\"attachment-medium size-medium wp-image-332\" alt=\"\" srcset=\"http:\/\/albino-ferreira.fr\/wp-content\/uploads\/2024\/07\/AF-20230708-174915-7221_LR-300x225.jpg 300w, http:\/\/albino-ferreira.fr\/wp-content\/uploads\/2024\/07\/AF-20230708-174915-7221_LR-scaled-2048x1536.jpg 2048w, http:\/\/albino-ferreira.fr\/wp-content\/uploads\/2024\/07\/AF-20230708-174915-7221_LR-150x113.jpg 150w, http:\/\/albino-ferreira.fr\/wp-content\/uploads\/2024\/07\/AF-20230708-174915-7221_LR-2000x1500.jpg 2000w, http:\/\/albino-ferreira.fr\/wp-content\/uploads\/2024\/07\/AF-20230708-174915-7221_LR-scaled-1536x1152.jpg 1536w, http:\/\/albino-ferreira.fr\/wp-content\/uploads\/2024\/07\/AF-20230708-174915-7221_LR-scaled-600x450.jpg 600w, http:\/\/albino-ferreira.fr\/wp-content\/uploads\/2024\/07\/AF-20230708-174915-7221_LR-scaled-1200x900.jpg 1200w\" sizes=\"(max-width: 300px) 100vw, 300px\" \/><\/div>\n\t\t<\/a>\n\t\t\t\t<div class=\"elementor-post__text\">\n\t\t\t\t<h3 class=\"elementor-post__title\">\n\t\t\t<a href=\"http:\/\/albino-ferreira.fr\/index.php\/2024\/07\/26\/nouveau-site\/\" >\n\t\t\t\tNouveau site\t\t\t<\/a>\n\t\t<\/h3>\n\t\t\t\t<div class=\"elementor-post__meta-data\">\n\t\t\t\t\t<span class=\"elementor-post-date\">\n\t\t\t26 juillet 2024\t\t<\/span>\n\t\t\t\t<span class=\"elementor-post-avatar\">\n\t\t\tAucun commentaire\t\t<\/span>\n\t\t\t\t<\/div>\n\t\t\t\t<div class=\"elementor-post__excerpt\">\n\t\t\t<p>Mon texte<\/p>\n\t\t<\/div>\n\t\t\n\t\t<a class=\"elementor-post__read-more\" href=\"http:\/\/albino-ferreira.fr\/index.php\/2024\/07\/26\/nouveau-site\/\" aria-label=\"En savoir plus sur Nouveau site\" tabindex=\"-1\" >\n\t\t\tLire la suite \u00bb\t\t<\/a>\n\n\t\t\t\t<\/div>\n\t\t\t\t<\/article>\n\t\t\t\t<article class=\"elementor-post elementor-grid-item post-5984 post type-post status-publish format-standard has-post-thumbnail hentry category-actu\" role=\"listitem\">\n\t\t\t\t<a class=\"elementor-post__thumbnail__link\" href=\"http:\/\/albino-ferreira.fr\/index.php\/2019\/11\/09\/gutenberg-sample-post\/\" tabindex=\"-1\" >\n\t\t\t<div class=\"elementor-post__thumbnail\"><img decoding=\"async\" width=\"169\" height=\"300\" src=\"http:\/\/albino-ferreira.fr\/wp-content\/uploads\/2024\/07\/AF-20230827-120406-3993_LR-169x300.jpg\" class=\"attachment-medium size-medium wp-image-6806\" alt=\"\" srcset=\"http:\/\/albino-ferreira.fr\/wp-content\/uploads\/2024\/07\/AF-20230827-120406-3993_LR-169x300.jpg 169w, http:\/\/albino-ferreira.fr\/wp-content\/uploads\/2024\/07\/AF-20230827-120406-3993_LR-scaled-1152x2048.jpg 1152w, http:\/\/albino-ferreira.fr\/wp-content\/uploads\/2024\/07\/AF-20230827-120406-3993_LR-84x150.jpg 84w, http:\/\/albino-ferreira.fr\/wp-content\/uploads\/2024\/07\/AF-20230827-120406-3993_LR-scaled-864x1536.jpg 864w, http:\/\/albino-ferreira.fr\/wp-content\/uploads\/2024\/07\/AF-20230827-120406-3993_LR-scaled-600x1067.jpg 600w, http:\/\/albino-ferreira.fr\/wp-content\/uploads\/2024\/07\/AF-20230827-120406-3993_LR-scaled-1200x2133.jpg 1200w, http:\/\/albino-ferreira.fr\/wp-content\/uploads\/2024\/07\/AF-20230827-120406-3993_LR-scaled.jpg 1440w\" sizes=\"(max-width: 169px) 100vw, 169px\" \/><\/div>\n\t\t<\/a>\n\t\t\t\t<div class=\"elementor-post__text\">\n\t\t\t\t<h3 class=\"elementor-post__title\">\n\t\t\t<a href=\"http:\/\/albino-ferreira.fr\/index.php\/2019\/11\/09\/gutenberg-sample-post\/\" >\n\t\t\t\tGutenberg Sample Post\t\t\t<\/a>\n\t\t<\/h3>\n\t\t\t\t<div class=\"elementor-post__meta-data\">\n\t\t\t\t\t<span class=\"elementor-post-date\">\n\t\t\t9 novembre 2019\t\t<\/span>\n\t\t\t\t<span class=\"elementor-post-avatar\">\n\t\t\tUn commentaire\t\t<\/span>\n\t\t\t\t<\/div>\n\t\t\t\t<div class=\"elementor-post__excerpt\">\n\t\t\t<p>This is some dummy copy. You\u2019re not really supposed to read this dummy copy, it is just a placeholder for people who need some type<\/p>\n\t\t<\/div>\n\t\t\n\t\t<a class=\"elementor-post__read-more\" href=\"http:\/\/albino-ferreira.fr\/index.php\/2019\/11\/09\/gutenberg-sample-post\/\" aria-label=\"En savoir plus sur Gutenberg Sample Post\" tabindex=\"-1\" >\n\t\t\tLire la suite \u00bb\t\t<\/a>\n\n\t\t\t\t<\/div>\n\t\t\t\t<\/article>\n\t\t\t\t<article class=\"elementor-post elementor-grid-item post-2819 post type-post status-publish format-standard hentry category-backstages\" role=\"listitem\">\n\t\t\t\t<div class=\"elementor-post__text\">\n\t\t\t\t<h3 class=\"elementor-post__title\">\n\t\t\t<a href=\"http:\/\/albino-ferreira.fr\/index.php\/2019\/09\/28\/post-with-slideshow\/\" >\n\t\t\t\tPost with Slideshow\t\t\t<\/a>\n\t\t<\/h3>\n\t\t\t\t<div class=\"elementor-post__meta-data\">\n\t\t\t\t\t<span class=\"elementor-post-date\">\n\t\t\t28 septembre 2019\t\t<\/span>\n\t\t\t\t<span class=\"elementor-post-avatar\">\n\t\t\tAucun commentaire\t\t<\/span>\n\t\t\t\t<\/div>\n\t\t\t\t<div class=\"elementor-post__excerpt\">\n\t\t\t<p>Below is an example of a Slideshow Block which is included in the free Jetpack Plugin. See more details about this block here. This is<\/p>\n\t\t<\/div>\n\t\t\n\t\t<a class=\"elementor-post__read-more\" href=\"http:\/\/albino-ferreira.fr\/index.php\/2019\/09\/28\/post-with-slideshow\/\" aria-label=\"En savoir plus sur Post with Slideshow\" tabindex=\"-1\" >\n\t\t\tLire la suite \u00bb\t\t<\/a>\n\n\t\t\t\t<\/div>\n\t\t\t\t<\/article>\n\t\t\t\t<\/div>\n\t\t\n\t\t\t\t\t\t<\/div>\n\t\t\t\t<\/div>\n\t\t\t\t\t<\/div>\n\t\t<\/div>\n\t\t\t\t\t<\/div>\n\t\t<\/section>\n\t\t\t\t<\/div>\n\t\t","protected":false},"excerpt":{"rendered":"<p>Albino FERREIRA PHOTOGRAPHE &#8211; FRANCE Photographe autodidacte ind\u00e9pendant, je tire principalement mes inspirations de la peinture, la sculpture et bien entendu de la photographie, qu&rsquo;elle soit antique ou contemporaine. Mon univers se veut pictural et intimiste. Mon attrait pour la peinture me pousse \u00e0 privil\u00e9gier la couleur au noir et blanc que je n&rsquo;utilise que &hellip; <\/p>\n<p class=\"link-more\"><a href=\"http:\/\/albino-ferreira.fr\/index.php\/2019\/09\/28\/post-with-slideshow\/\" class=\"more-link\">Lire la suite de<span class=\"screen-reader-text\">\u00ab\u00a0Post with Slideshow\u00a0\u00bb<\/span><\/a><\/p>\n","protected":false},"author":1,"featured_media":0,"parent":0,"menu_order":0,"comment_status":"closed","ping_status":"closed","template":"","meta":{"inspiro_hide_title":false,"footnotes":""},"class_list":["post-62","page","type-page","status-publish","hentry"],"featured_media_urls":[],"_links":{"self":[{"href":"http:\/\/albino-ferreira.fr\/index.php\/wp-json\/wp\/v2\/pages\/62","targetHints":{"allow":["GET"]}}],"collection":[{"href":"http:\/\/albino-ferreira.fr\/index.php\/wp-json\/wp\/v2\/pages"}],"about":[{"href":"http:\/\/albino-ferreira.fr\/index.php\/wp-json\/wp\/v2\/types\/page"}],"author":[{"embeddable":true,"href":"http:\/\/albino-ferreira.fr\/index.php\/wp-json\/wp\/v2\/users\/1"}],"replies":[{"embeddable":true,"href":"http:\/\/albino-ferreira.fr\/index.php\/wp-json\/wp\/v2\/comments?post=62"}],"version-history":[{"count":39,"href":"http:\/\/albino-ferreira.fr\/index.php\/wp-json\/wp\/v2\/pages\/62\/revisions"}],"predecessor-version":[{"id":382,"href":"http:\/\/albino-ferreira.fr\/index.php\/wp-json\/wp\/v2\/pages\/62\/revisions\/382"}],"wp:attachment":[{"href":"http:\/\/albino-ferreira.fr\/index.php\/wp-json\/wp\/v2\/media?parent=62"}],"curies":[{"name":"wp","href":"https:\/\/api.w.org\/{rel}","templated":true}]}}